{"id":1329,"date":"2024-08-25T18:37:42","date_gmt":"2024-08-25T16:37:42","guid":{"rendered":"https:\/\/www.galerie-outreloire.com\/?post_type=product&#038;p=1329"},"modified":"2024-08-25T18:37:42","modified_gmt":"2024-08-25T16:37:42","slug":"jonone-serigraphie-numerotee","status":"publish","type":"product","link":"https:\/\/www.galerie-outreloire.com\/?product=jonone-serigraphie-numerotee","title":{"rendered":"JONONE serigraphie num\u00e9rot\u00e9e"},"content":{"rendered":"<p>Serigraphie originale de JonOne 70 X 77 cm<\/p>\n<p>\u00e9tat impeccable<\/p>\n<p>livrable .Prix sur demande<\/p>\n","protected":false},"excerpt":{"rendered":"<p>Serigraphie de JONONE num\u00e9rot\u00e9e et sign\u00e9e par l&rsquo;artiste<\/p>\n","protected":false},"featured_media":1323,"template":"","meta":[],"product_brand":[],"product_cat":[97,57],"product_tag":[75],"class_list":{"0":"post-1329","1":"product","2":"type-product","3":"status-publish","4":"has-post-thumbnail","6":"product_cat-jonone","7":"product_cat-street-art","8":"product_tag-street-art","10":"first","11":"instock","12":"sold-individually","13":"shipping-taxable","14":"product-type-simple"},"jetpack_sharing_enabled":true,"_links":{"self":[{"href":"https:\/\/www.galerie-outreloire.com\/index.php?rest_route=\/wp\/v2\/product\/1329","targetHints":{"allow":["GET"]}}],"collection":[{"href":"https:\/\/www.galerie-outreloire.com\/index.php?rest_route=\/wp\/v2\/product"}],"about":[{"href":"https:\/\/www.galerie-outreloire.com\/index.php?rest_route=\/wp\/v2\/types\/product"}],"version-history":[{"count":1,"href":"https:\/\/www.galerie-outreloire.com\/index.php?rest_route=\/wp\/v2\/product\/1329\/revisions"}],"predecessor-version":[{"id":1330,"href":"https:\/\/www.galerie-outreloire.com\/index.php?rest_route=\/wp\/v2\/product\/1329\/revisions\/1330"}],"wp:featuredmedia":[{"embeddable":true,"href":"https:\/\/www.galerie-outreloire.com\/index.php?rest_route=\/wp\/v2\/media\/1323"}],"wp:attachment":[{"href":"https:\/\/www.galerie-outreloire.com\/index.php?rest_route=%2Fwp%2Fv2%2Fmedia&parent=1329"}],"wp:term":[{"taxonomy":"product_brand","embeddable":true,"href":"https:\/\/www.galerie-outreloire.com\/index.php?rest_route=%2Fwp%2Fv2%2Fproduct_brand&post=1329"},{"taxonomy":"product_cat","embeddable":true,"href":"https:\/\/www.galerie-outreloire.com\/index.php?rest_route=%2Fwp%2Fv2%2Fproduct_cat&post=1329"},{"taxonomy":"product_tag","embeddable":true,"href":"https:\/\/www.galerie-outreloire.com\/index.php?rest_route=%2Fwp%2Fv2%2Fproduct_tag&post=1329"}],"curies":[{"name":"wp","href":"https:\/\/api.w.org\/{rel}","templated":true}]}}