{"id":928,"date":"2022-09-10T17:19:38","date_gmt":"2022-09-10T15:19:38","guid":{"rendered":"https:\/\/www.galerie-outreloire.com\/?post_type=product&#038;p=928"},"modified":"2022-12-17T13:58:27","modified_gmt":"2022-12-17T12:58:27","slug":"olivier-debre-1920-1999-signe-paysage-1986-lithographie","status":"publish","type":"product","link":"https:\/\/www.galerie-outreloire.com\/?product=olivier-debre-1920-1999-signe-paysage-1986-lithographie","title":{"rendered":"Olivier Debr\u00e9 (1920-1999) \u00ab\u00a0signe paysage 1986\u00a0\u00bb lithographie"},"content":{"rendered":"<p>Olivier Debr\u00e9 (1920-1999) \u00ab\u00a0signe paysage 1986\u00a0\u00bb lithographie<\/p>\n<p>parfaite \u00e9preuve venin 68x 47 cm<\/p>\n<p>tirage 100 ex<\/p>\n<p>d\u00e9dicac\u00e9e et sign\u00e9e par l&rsquo;artiste<\/p>\n<p>ref Pernoud 429<\/p>\n","protected":false},"excerpt":{"rendered":"<p>Olivier Debr\u00e9 (1920-1999) \u00ab\u00a0signe paysage 1986\u00a0\u00bb lithographie<\/p>\n","protected":false},"featured_media":146,"template":"","meta":[],"product_brand":[],"product_cat":[66,51,63],"product_tag":[],"class_list":{"0":"post-928","1":"product","2":"type-product","3":"status-publish","4":"has-post-thumbnail","6":"product_cat-artistes","7":"product_cat-debre-olivier","8":"product_cat-gravures","10":"first","11":"instock","12":"sale","13":"sold-individually","14":"shipping-taxable","15":"purchasable","16":"product-type-simple"},"jetpack_sharing_enabled":true,"_links":{"self":[{"href":"https:\/\/www.galerie-outreloire.com\/index.php?rest_route=\/wp\/v2\/product\/928","targetHints":{"allow":["GET"]}}],"collection":[{"href":"https:\/\/www.galerie-outreloire.com\/index.php?rest_route=\/wp\/v2\/product"}],"about":[{"href":"https:\/\/www.galerie-outreloire.com\/index.php?rest_route=\/wp\/v2\/types\/product"}],"version-history":[{"count":1,"href":"https:\/\/www.galerie-outreloire.com\/index.php?rest_route=\/wp\/v2\/product\/928\/revisions"}],"predecessor-version":[{"id":929,"href":"https:\/\/www.galerie-outreloire.com\/index.php?rest_route=\/wp\/v2\/product\/928\/revisions\/929"}],"wp:featuredmedia":[{"embeddable":true,"href":"https:\/\/www.galerie-outreloire.com\/index.php?rest_route=\/wp\/v2\/media\/146"}],"wp:attachment":[{"href":"https:\/\/www.galerie-outreloire.com\/index.php?rest_route=%2Fwp%2Fv2%2Fmedia&parent=928"}],"wp:term":[{"taxonomy":"product_brand","embeddable":true,"href":"https:\/\/www.galerie-outreloire.com\/index.php?rest_route=%2Fwp%2Fv2%2Fproduct_brand&post=928"},{"taxonomy":"product_cat","embeddable":true,"href":"https:\/\/www.galerie-outreloire.com\/index.php?rest_route=%2Fwp%2Fv2%2Fproduct_cat&post=928"},{"taxonomy":"product_tag","embeddable":true,"href":"https:\/\/www.galerie-outreloire.com\/index.php?rest_route=%2Fwp%2Fv2%2Fproduct_tag&post=928"}],"curies":[{"name":"wp","href":"https:\/\/api.w.org\/{rel}","templated":true}]}}